{"id":13,"date":"2022-11-04T13:59:06","date_gmt":"2022-11-04T12:59:06","guid":{"rendered":"http:\/\/bathernight.fr\/?page_id=13"},"modified":"2025-11-29T21:22:14","modified_gmt":"2025-11-29T20:22:14","slug":"inscriptions","status":"publish","type":"page","link":"https:\/\/bathernight.fr\/index.php\/inscriptions\/","title":{"rendered":"Inscriptions et r\u00e9sultats"},"content":{"rendered":"\n<p>R\u00c9SULTATS ICI : <a href=\"https:\/\/live.l-chrono.com\/resultats\/bathernight-2025\">https:\/\/live.l-chrono.com\/resultats\/bathernight-2025<\/a><\/p>\n\n\n\n<p>Inscriptions ici : <a href=\"https:\/\/in.njuko.com\/bathernight-2025?currentPage=select-competition\">https:\/\/in.njuko.com\/bathernight-2025?currentPage=select-competition<\/a><\/p>\n\n\n\n<p>Majoration de 2 euros sur place le jour de la course.<\/p>\n\n\n\n<p><strong>INSCRIPTIONS SUR PLACE POUR LES COURSES ENFANTS ET LES MARCHES.<\/strong><\/p>\n\n\n\n<p><strong><em>Pour les adultes :<\/em><\/strong> Licence Athl\u00e9 Comp\u00e9tition, Athl\u00e9 Entreprise, Athl\u00e9 Running d\u00e9livr\u00e9e par la FFA ou parcours PPS de la FFA.<\/p>\n\n\n\n<p><strong><em>Pour les mineurs :<\/em><\/strong> Les non licenci\u00e9s <strong>mineurs<\/strong> doivent, toujours remplir <strong><a href=\"https:\/\/data.over-blog-kiwi.com\/0\/54\/78\/43\/20210929\/ob_821ee9_questionnaire-de-sante-pour-les-mineu.pdf\" target=\"_blank\" rel=\"noreferrer noopener\">questionnaire de sant\u00e9<\/a><\/strong> (et la fourniture d&rsquo;un certificat m\u00e9dical, le cas \u00e9ch\u00e9ant) pour s&rsquo;inscrire \u00e0 une course running conform\u00e9ment \u00e0 la loi.<\/p>\n\n\n\n<div class=\"wp-block-columns alignwide is-layout-flex wp-container-core-columns-is-layout-28f84493 wp-block-columns-is-layout-flex\">\n<div class=\"wp-block-column is-layout-flow wp-block-column-is-layout-flow\"><\/div>\n\n\n\n<div class=\"wp-block-column is-layout-flow wp-block-column-is-layout-flow\"><\/div>\n\n\n\n<div class=\"wp-block-column is-layout-flow wp-block-column-is-layout-flow\"><\/div>\n<\/div>\n","protected":false},"excerpt":{"rendered":"<p>R\u00c9SULTATS ICI : https:\/\/live.l-chrono.com\/resultats\/bathernight-2025 Inscriptions ici : https:\/\/in.njuko.com\/bathernight-2025?currentPage=select-competition Majoration de 2 euros sur place le jour de la course. INSCRIPTIONS SUR PLACE POUR LES COURSES ENFANTS ET LES MARCHES. Pour les adultes : Licence Athl\u00e9 Comp\u00e9tition, Athl\u00e9 Entreprise, Athl\u00e9 Running d\u00e9livr\u00e9e par la FFA ou parcours PPS de la FFA. Pour les mineurs : Les [&hellip;]<\/p>\n","protected":false},"author":1,"featured_media":0,"parent":0,"menu_order":0,"comment_status":"closed","ping_status":"closed","template":"","meta":{"footnotes":""},"class_list":["post-13","page","type-page","status-publish","hentry"],"_links":{"self":[{"href":"https:\/\/bathernight.fr\/index.php\/wp-json\/wp\/v2\/pages\/13","targetHints":{"allow":["GET"]}}],"collection":[{"href":"https:\/\/bathernight.fr\/index.php\/wp-json\/wp\/v2\/pages"}],"about":[{"href":"https:\/\/bathernight.fr\/index.php\/wp-json\/wp\/v2\/types\/page"}],"author":[{"embeddable":true,"href":"https:\/\/bathernight.fr\/index.php\/wp-json\/wp\/v2\/users\/1"}],"replies":[{"embeddable":true,"href":"https:\/\/bathernight.fr\/index.php\/wp-json\/wp\/v2\/comments?post=13"}],"version-history":[{"count":18,"href":"https:\/\/bathernight.fr\/index.php\/wp-json\/wp\/v2\/pages\/13\/revisions"}],"predecessor-version":[{"id":151,"href":"https:\/\/bathernight.fr\/index.php\/wp-json\/wp\/v2\/pages\/13\/revisions\/151"}],"wp:attachment":[{"href":"https:\/\/bathernight.fr\/index.php\/wp-json\/wp\/v2\/media?parent=13"}],"curies":[{"name":"wp","href":"https:\/\/api.w.org\/{rel}","templated":true}]}}